


















{"id":986,"date":"2021-06-23T16:02:41","date_gmt":"2021-06-23T16:02:41","guid":{"rendered":"https:\/\/waterart.pt\/v2\/?post_type=product&#038;p=986"},"modified":"2021-08-04T16:31:42","modified_gmt":"2021-08-04T16:31:42","slug":"labirinto","status":"publish","type":"product","link":"https:\/\/waterart.pt\/v2\/product\/labirinto\/","title":{"rendered":"Labirinto"},"content":{"rendered":"<p>O Conjunto \u00e9 fornecido com:<br \/>\n\u2022Paredes de \u00e1gua com 1 metro de comprimento (definir n\u00ba)<br \/>\n\u2022Caixas de fibra com respetivas interliga\u00e7\u00f5es para coloca\u00e7\u00e3o das paredes de \u00e1gua<br \/>\n\u2022Grelhas de sa\u00edda de \u00e1gua com ou sem ilumina\u00e7\u00e3o<br \/>\n\u2022Quadro de programa e controlo com programa aberto para programa\u00e7\u00e3o pelo cliente<br \/>\n\u2022Kit sistema de filtragem e tratamento de \u00e1gua<\/p>\n","protected":false},"excerpt":{"rendered":"<p>Conjunto de paredes de \u00e1gua distribu\u00eddas em forma de quadrados que abrem e fecham de forma aparentemente aleat\u00f3ria.<\/p>\n<p>&nbsp;<\/p>\n<p>&nbsp;<\/p>\n","protected":false},"featured_media":995,"template":"","meta":{"neve_meta_sidebar":"","neve_meta_container":"","neve_meta_enable_content_width":"off","neve_meta_content_width":0,"neve_meta_title_alignment":"","neve_meta_author_avatar":"","neve_post_elements_order":"","neve_meta_disable_header":"","neve_meta_disable_footer":"","neve_meta_disable_title":"","_themeisle_gutenberg_block_has_review":false,"_ti_tpc_template_sync":false,"_ti_tpc_template_id":""},"product_cat":[105],"product_tag":[106,111],"yoast_head":"<!-- This site is optimized with the Yoast SEO plugin v19.7.1 - https:\/\/yoast.com\/wordpress\/plugins\/seo\/ -->\n<title>Labirinto - Water Art<\/title>\n<meta name=\"robots\" content=\"index, follow, max-snippet:-1, max-image-preview:large, max-video-preview:-1\" \/>\n<link rel=\"canonical\" href=\"https:\/\/waterart.pt\/v2\/product\/labirinto\/\" \/>\n<meta property=\"og:locale\" content=\"pt_PT\" \/>\n<meta property=\"og:type\" content=\"article\" \/>\n<meta property=\"og:title\" content=\"Labirinto - Water Art\" \/>\n<meta property=\"og:description\" content=\"Conjunto de paredes de \u00e1gua distribu\u00eddas em forma de quadrados que abrem e fecham de forma aparentemente aleat\u00f3ria.  &nbsp;  &nbsp;\" \/>\n<meta property=\"og:url\" content=\"https:\/\/waterart.pt\/v2\/product\/labirinto\/\" \/>\n<meta property=\"og:site_name\" content=\"Water Art\" \/>\n<meta property=\"article:modified_time\" content=\"2021-08-04T16:31:42+00:00\" \/>\n<meta property=\"og:image\" content=\"https:\/\/waterart.pt\/v2\/wp-content\/uploads\/2021\/06\/Labirinto.png\" \/>\n\t<meta property=\"og:image:width\" content=\"800\" \/>\n\t<meta property=\"og:image:height\" content=\"800\" \/>\n\t<meta property=\"og:image:type\" content=\"image\/png\" \/>\n<meta name=\"twitter:card\" content=\"summary_large_image\" \/>\n<script type=\"application\/ld+json\" class=\"yoast-schema-graph\">{\"@context\":\"https:\/\/schema.org\",\"@graph\":[{\"@type\":\"WebPage\",\"@id\":\"https:\/\/waterart.pt\/v2\/product\/labirinto\/\",\"url\":\"https:\/\/waterart.pt\/v2\/product\/labirinto\/\",\"name\":\"Labirinto - Water Art\",\"isPartOf\":{\"@id\":\"https:\/\/waterart.pt\/v2\/#website\"},\"datePublished\":\"2021-06-23T16:02:41+00:00\",\"dateModified\":\"2021-08-04T16:31:42+00:00\",\"breadcrumb\":{\"@id\":\"https:\/\/waterart.pt\/v2\/product\/labirinto\/#breadcrumb\"},\"inLanguage\":\"pt-PT\",\"potentialAction\":[{\"@type\":\"ReadAction\",\"target\":[\"https:\/\/waterart.pt\/v2\/product\/labirinto\/\"]}]},{\"@type\":\"BreadcrumbList\",\"@id\":\"https:\/\/waterart.pt\/v2\/product\/labirinto\/#breadcrumb\",\"itemListElement\":[{\"@type\":\"ListItem\",\"position\":1,\"name\":\"Home\",\"item\":\"https:\/\/waterart.pt\/v2\/\"},{\"@type\":\"ListItem\",\"position\":2,\"name\":\"Produtos\",\"item\":\"https:\/\/waterart.pt\/v2\/produtos\/\"},{\"@type\":\"ListItem\",\"position\":3,\"name\":\"Labirinto\"}]},{\"@type\":\"WebSite\",\"@id\":\"https:\/\/waterart.pt\/v2\/#website\",\"url\":\"https:\/\/waterart.pt\/v2\/\",\"name\":\"Water Art\",\"description\":\"Water Solutions\",\"publisher\":{\"@id\":\"https:\/\/waterart.pt\/v2\/#organization\"},\"potentialAction\":[{\"@type\":\"SearchAction\",\"target\":{\"@type\":\"EntryPoint\",\"urlTemplate\":\"https:\/\/waterart.pt\/v2\/?s={search_term_string}\"},\"query-input\":\"required name=search_term_string\"}],\"inLanguage\":\"pt-PT\"},{\"@type\":\"Organization\",\"@id\":\"https:\/\/waterart.pt\/v2\/#organization\",\"name\":\"Water Art\",\"url\":\"https:\/\/waterart.pt\/v2\/\",\"sameAs\":[],\"logo\":{\"@type\":\"ImageObject\",\"inLanguage\":\"pt-PT\",\"@id\":\"https:\/\/waterart.pt\/v2\/#\/schema\/logo\/image\/\",\"url\":\"https:\/\/i2.wp.com\/waterart.pt\/v2\/wp-content\/uploads\/2021\/09\/email_logo_waterart.png?fit=180%2C100&ssl=1\",\"contentUrl\":\"https:\/\/i2.wp.com\/waterart.pt\/v2\/wp-content\/uploads\/2021\/09\/email_logo_waterart.png?fit=180%2C100&ssl=1\",\"width\":180,\"height\":100,\"caption\":\"Water Art\"},\"image\":{\"@id\":\"https:\/\/waterart.pt\/v2\/#\/schema\/logo\/image\/\"}}]}<\/script>\n<!-- \/ Yoast SEO plugin. -->","yoast_head_json":{"title":"Labirinto - Water Art","robots":{"index":"index","follow":"follow","max-snippet":"max-snippet:-1","max-image-preview":"max-image-preview:large","max-video-preview":"max-video-preview:-1"},"canonical":"https:\/\/waterart.pt\/v2\/product\/labirinto\/","og_locale":"pt_PT","og_type":"article","og_title":"Labirinto - Water Art","og_description":"Conjunto de paredes de \u00e1gua distribu\u00eddas em forma de quadrados que abrem e fecham de forma aparentemente aleat\u00f3ria.  &nbsp;  &nbsp;","og_url":"https:\/\/waterart.pt\/v2\/product\/labirinto\/","og_site_name":"Water Art","article_modified_time":"2021-08-04T16:31:42+00:00","og_image":[{"width":800,"height":800,"url":"https:\/\/waterart.pt\/v2\/wp-content\/uploads\/2021\/06\/Labirinto.png","type":"image\/png"}],"twitter_card":"summary_large_image","schema":{"@context":"https:\/\/schema.org","@graph":[{"@type":"WebPage","@id":"https:\/\/waterart.pt\/v2\/product\/labirinto\/","url":"https:\/\/waterart.pt\/v2\/product\/labirinto\/","name":"Labirinto - Water Art","isPartOf":{"@id":"https:\/\/waterart.pt\/v2\/#website"},"datePublished":"2021-06-23T16:02:41+00:00","dateModified":"2021-08-04T16:31:42+00:00","breadcrumb":{"@id":"https:\/\/waterart.pt\/v2\/product\/labirinto\/#breadcrumb"},"inLanguage":"pt-PT","potentialAction":[{"@type":"ReadAction","target":["https:\/\/waterart.pt\/v2\/product\/labirinto\/"]}]},{"@type":"BreadcrumbList","@id":"https:\/\/waterart.pt\/v2\/product\/labirinto\/#breadcrumb","itemListElement":[{"@type":"ListItem","position":1,"name":"Home","item":"https:\/\/waterart.pt\/v2\/"},{"@type":"ListItem","position":2,"name":"Produtos","item":"https:\/\/waterart.pt\/v2\/produtos\/"},{"@type":"ListItem","position":3,"name":"Labirinto"}]},{"@type":"WebSite","@id":"https:\/\/waterart.pt\/v2\/#website","url":"https:\/\/waterart.pt\/v2\/","name":"Water Art","description":"Water Solutions","publisher":{"@id":"https:\/\/waterart.pt\/v2\/#organization"},"potentialAction":[{"@type":"SearchAction","target":{"@type":"EntryPoint","urlTemplate":"https:\/\/waterart.pt\/v2\/?s={search_term_string}"},"query-input":"required name=search_term_string"}],"inLanguage":"pt-PT"},{"@type":"Organization","@id":"https:\/\/waterart.pt\/v2\/#organization","name":"Water Art","url":"https:\/\/waterart.pt\/v2\/","sameAs":[],"logo":{"@type":"ImageObject","inLanguage":"pt-PT","@id":"https:\/\/waterart.pt\/v2\/#\/schema\/logo\/image\/","url":"https:\/\/i2.wp.com\/waterart.pt\/v2\/wp-content\/uploads\/2021\/09\/email_logo_waterart.png?fit=180%2C100&ssl=1","contentUrl":"https:\/\/i2.wp.com\/waterart.pt\/v2\/wp-content\/uploads\/2021\/09\/email_logo_waterart.png?fit=180%2C100&ssl=1","width":180,"height":100,"caption":"Water Art"},"image":{"@id":"https:\/\/waterart.pt\/v2\/#\/schema\/logo\/image\/"}}]}},"_links":{"self":[{"href":"https:\/\/waterart.pt\/v2\/wp-json\/wp\/v2\/product\/986"}],"collection":[{"href":"https:\/\/waterart.pt\/v2\/wp-json\/wp\/v2\/product"}],"about":[{"href":"https:\/\/waterart.pt\/v2\/wp-json\/wp\/v2\/types\/product"}],"wp:featuredmedia":[{"embeddable":true,"href":"https:\/\/waterart.pt\/v2\/wp-json\/wp\/v2\/media\/995"}],"wp:attachment":[{"href":"https:\/\/waterart.pt\/v2\/wp-json\/wp\/v2\/media?parent=986"}],"wp:term":[{"taxonomy":"product_cat","embeddable":true,"href":"https:\/\/waterart.pt\/v2\/wp-json\/wp\/v2\/product_cat?post=986"},{"taxonomy":"product_tag","embeddable":true,"href":"https:\/\/waterart.pt\/v2\/wp-json\/wp\/v2\/product_tag?post=986"}],"curies":[{"name":"wp","href":"https:\/\/api.w.org\/{rel}","templated":true}]}}