


















{"id":943,"date":"2021-06-23T15:56:53","date_gmt":"2021-06-23T15:56:53","guid":{"rendered":"https:\/\/waterart.pt\/v2\/?post_type=product&#038;p=943"},"modified":"2021-08-04T16:25:36","modified_gmt":"2021-08-04T16:25:36","slug":"sistema-de-ultra-violetas","status":"publish","type":"product","link":"https:\/\/waterart.pt\/v2\/product\/sistema-de-ultra-violetas\/","title":{"rendered":"Sistema de ultra violetas"},"content":{"rendered":"<figure class=\"wp-block-table is-style-stripes\">\n<table>\n<thead>\n<tr>\n<th>Dados T\u00e9cnicos<\/th>\n<th class=\"has-text-align-center\" data-align=\"center\">UV 07<\/th>\n<th class=\"has-text-align-center\" data-align=\"center\">UV 10<\/th>\n<th class=\"has-text-align-center\" data-align=\"center\">UV 15<\/th>\n<th class=\"has-text-align-center\" data-align=\"center\">UV 20<\/th>\n<th class=\"has-text-align-center\" data-align=\"center\">UV 25<\/th>\n<\/tr>\n<\/thead>\n<tbody>\n<tr>\n<td>Caudal<\/td>\n<td class=\"has-text-align-center\" data-align=\"center\">7.5<\/td>\n<td class=\"has-text-align-center\" data-align=\"center\">10<\/td>\n<td class=\"has-text-align-center\" data-align=\"center\">15<\/td>\n<td class=\"has-text-align-center\" data-align=\"center\">20<\/td>\n<td class=\"has-text-align-center\" data-align=\"center\">25<\/td>\n<\/tr>\n<tr>\n<td>Liga\u00e7\u00e3o<\/td>\n<td class=\"has-text-align-center\" data-align=\"center\">1\u00a0<em>\u00bd<\/em>\u201c<\/td>\n<td class=\"has-text-align-center\" data-align=\"center\">1\u00a0<em>\u00bd<\/em>\u201c<\/td>\n<td class=\"has-text-align-center\" data-align=\"center\">1\u00a0<em>\u00bd<\/em>\u201c<\/td>\n<td class=\"has-text-align-center\" data-align=\"center\">1\u00a0<em>\u00bd<\/em>\u201c<\/td>\n<td class=\"has-text-align-center\" data-align=\"center\">1\u00a0<em>\u00bd<\/em>\u201c<\/td>\n<\/tr>\n<tr>\n<td>L\u00e2mpadas<\/td>\n<td class=\"has-text-align-center\" data-align=\"center\">1 x 15<\/td>\n<td class=\"has-text-align-center\" data-align=\"center\">1 x 25<\/td>\n<td class=\"has-text-align-center\" data-align=\"center\">1 x 30<\/td>\n<td class=\"has-text-align-center\" data-align=\"center\">1 x 55<\/td>\n<td class=\"has-text-align-center\" data-align=\"center\">1 x 75<\/td>\n<\/tr>\n<tr>\n<td>Pot\u00eancia (W)<\/td>\n<td class=\"has-text-align-center\" data-align=\"center\">4.9<\/td>\n<td class=\"has-text-align-center\" data-align=\"center\">7.8<\/td>\n<td class=\"has-text-align-center\" data-align=\"center\">12<\/td>\n<td class=\"has-text-align-center\" data-align=\"center\">18<\/td>\n<td class=\"has-text-align-center\" data-align=\"center\">26.5<\/td>\n<\/tr>\n<tr>\n<td>Comprimento (mm)<\/td>\n<td class=\"has-text-align-center\" data-align=\"center\">450<\/td>\n<td class=\"has-text-align-center\" data-align=\"center\">450<\/td>\n<td class=\"has-text-align-center\" data-align=\"center\">1000<\/td>\n<td class=\"has-text-align-center\" data-align=\"center\">1000<\/td>\n<td class=\"has-text-align-center\" data-align=\"center\">1300<\/td>\n<\/tr>\n<tr>\n<td>Largura (mm)<\/td>\n<td class=\"has-text-align-center\" data-align=\"center\">167<\/td>\n<td class=\"has-text-align-center\" data-align=\"center\">167<\/td>\n<td class=\"has-text-align-center\" data-align=\"center\">167<\/td>\n<td class=\"has-text-align-center\" data-align=\"center\">167<\/td>\n<td class=\"has-text-align-center\" data-align=\"center\">167<\/td>\n<\/tr>\n<tr>\n<td>Profundidade (mm)<\/td>\n<td class=\"has-text-align-center\" data-align=\"center\">88<\/td>\n<td class=\"has-text-align-center\" data-align=\"center\">88<\/td>\n<td class=\"has-text-align-center\" data-align=\"center\">88<\/td>\n<td class=\"has-text-align-center\" data-align=\"center\">88<\/td>\n<td class=\"has-text-align-center\" data-align=\"center\">88<\/td>\n<\/tr>\n<tr>\n<td>Tens\u00e3o de funcionamento (V)<\/td>\n<td class=\"has-text-align-center\" data-align=\"center\">230<\/td>\n<td class=\"has-text-align-center\" data-align=\"center\">230<\/td>\n<td class=\"has-text-align-center\" data-align=\"center\">230<\/td>\n<td class=\"has-text-align-center\" data-align=\"center\">230<\/td>\n<td class=\"has-text-align-center\" data-align=\"center\">230<\/td>\n<\/tr>\n<tr>\n<td>Volume fonte (m3)<\/td>\n<td class=\"has-text-align-center\" data-align=\"center\">15<\/td>\n<td class=\"has-text-align-center\" data-align=\"center\">20<\/td>\n<td class=\"has-text-align-center\" data-align=\"center\">30<\/td>\n<td class=\"has-text-align-center\" data-align=\"center\">55<\/td>\n<td class=\"has-text-align-center\" data-align=\"center\">75<\/td>\n<\/tr>\n<\/tbody>\n<\/table><figcaption>Tabela Comparativa<\/figcaption><\/figure>\n","protected":false},"excerpt":{"rendered":"<p>Equipamento de desinfe\u00e7\u00e3o Ultravioleta com uma onda de 253,7 nan\u00f3metros, produzida por uma l\u00e2mpada especial. A radia\u00e7\u00e3o neutraliza bact\u00e9rias, v\u00edrus e outros organismos prim\u00e1rios, atuando sobre o seu ADN, atrofiando-as e evitando a sua posterior divis\u00e3o.<br \/>\nM\u00e9todo de desinfe\u00e7\u00e3o altamente seguro e ecol\u00f3gico, com o qual se protege a piscina contra bact\u00e9rias, algas, germes patog\u00e9nicos, etc,. O UV tem um balastro eletr\u00f3nico de baixo consumo, \u00e9 estanque e protegido por fus\u00edvel. O UV foi constru\u00eddo de modo a garantir seguran\u00e7a e um baixo custo de opera\u00e7\u00e3o.<\/p>\n","protected":false},"featured_media":2252,"template":"","meta":{"neve_meta_sidebar":"","neve_meta_container":"","neve_meta_enable_content_width":"off","neve_meta_content_width":0,"neve_meta_title_alignment":"","neve_meta_author_avatar":"","neve_post_elements_order":"","neve_meta_disable_header":"","neve_meta_disable_footer":"","neve_meta_disable_title":"","_themeisle_gutenberg_block_has_review":false,"_ti_tpc_template_sync":false,"_ti_tpc_template_id":""},"product_cat":[56],"product_tag":[99],"yoast_head":"<!-- This site is optimized with the Yoast SEO plugin v19.7.1 - https:\/\/yoast.com\/wordpress\/plugins\/seo\/ -->\n<title>Sistema de ultra violetas - Water Art<\/title>\n<meta name=\"robots\" content=\"index, follow, max-snippet:-1, max-image-preview:large, max-video-preview:-1\" \/>\n<link rel=\"canonical\" href=\"https:\/\/waterart.pt\/v2\/product\/sistema-de-ultra-violetas\/\" \/>\n<meta property=\"og:locale\" content=\"pt_PT\" \/>\n<meta property=\"og:type\" content=\"article\" \/>\n<meta property=\"og:title\" content=\"Sistema de ultra violetas - Water Art\" \/>\n<meta property=\"og:description\" content=\"Equipamento de desinfe\u00e7\u00e3o Ultravioleta com uma onda de 253,7 nan\u00f3metros, produzida por uma l\u00e2mpada especial. A radia\u00e7\u00e3o neutraliza bact\u00e9rias, v\u00edrus e outros organismos prim\u00e1rios, atuando sobre o seu ADN, atrofiando-as e evitando a sua posterior divis\u00e3o. M\u00e9todo de desinfe\u00e7\u00e3o altamente seguro e ecol\u00f3gico, com o qual se protege a piscina contra bact\u00e9rias, algas, germes patog\u00e9nicos, etc,. O UV tem um balastro eletr\u00f3nico de baixo consumo, \u00e9 estanque e protegido por fus\u00edvel. O UV foi constru\u00eddo de modo a garantir seguran\u00e7a e um baixo custo de opera\u00e7\u00e3o.\" \/>\n<meta property=\"og:url\" content=\"https:\/\/waterart.pt\/v2\/product\/sistema-de-ultra-violetas\/\" \/>\n<meta property=\"og:site_name\" content=\"Water Art\" \/>\n<meta property=\"article:modified_time\" content=\"2021-08-04T16:25:36+00:00\" \/>\n<meta property=\"og:image\" content=\"https:\/\/waterart.pt\/v2\/wp-content\/uploads\/2021\/06\/Sistema-de-Ultra-Violetas-1.png\" \/>\n\t<meta property=\"og:image:width\" content=\"800\" \/>\n\t<meta property=\"og:image:height\" content=\"800\" \/>\n\t<meta property=\"og:image:type\" content=\"image\/png\" \/>\n<meta name=\"twitter:card\" content=\"summary_large_image\" \/>\n<script type=\"application\/ld+json\" class=\"yoast-schema-graph\">{\"@context\":\"https:\/\/schema.org\",\"@graph\":[{\"@type\":\"WebPage\",\"@id\":\"https:\/\/waterart.pt\/v2\/product\/sistema-de-ultra-violetas\/\",\"url\":\"https:\/\/waterart.pt\/v2\/product\/sistema-de-ultra-violetas\/\",\"name\":\"Sistema de ultra violetas - Water Art\",\"isPartOf\":{\"@id\":\"https:\/\/waterart.pt\/v2\/#website\"},\"datePublished\":\"2021-06-23T15:56:53+00:00\",\"dateModified\":\"2021-08-04T16:25:36+00:00\",\"breadcrumb\":{\"@id\":\"https:\/\/waterart.pt\/v2\/product\/sistema-de-ultra-violetas\/#breadcrumb\"},\"inLanguage\":\"pt-PT\",\"potentialAction\":[{\"@type\":\"ReadAction\",\"target\":[\"https:\/\/waterart.pt\/v2\/product\/sistema-de-ultra-violetas\/\"]}]},{\"@type\":\"BreadcrumbList\",\"@id\":\"https:\/\/waterart.pt\/v2\/product\/sistema-de-ultra-violetas\/#breadcrumb\",\"itemListElement\":[{\"@type\":\"ListItem\",\"position\":1,\"name\":\"Home\",\"item\":\"https:\/\/waterart.pt\/v2\/\"},{\"@type\":\"ListItem\",\"position\":2,\"name\":\"Produtos\",\"item\":\"https:\/\/waterart.pt\/v2\/produtos\/\"},{\"@type\":\"ListItem\",\"position\":3,\"name\":\"Sistema de ultra violetas\"}]},{\"@type\":\"WebSite\",\"@id\":\"https:\/\/waterart.pt\/v2\/#website\",\"url\":\"https:\/\/waterart.pt\/v2\/\",\"name\":\"Water Art\",\"description\":\"Water Solutions\",\"publisher\":{\"@id\":\"https:\/\/waterart.pt\/v2\/#organization\"},\"potentialAction\":[{\"@type\":\"SearchAction\",\"target\":{\"@type\":\"EntryPoint\",\"urlTemplate\":\"https:\/\/waterart.pt\/v2\/?s={search_term_string}\"},\"query-input\":\"required name=search_term_string\"}],\"inLanguage\":\"pt-PT\"},{\"@type\":\"Organization\",\"@id\":\"https:\/\/waterart.pt\/v2\/#organization\",\"name\":\"Water Art\",\"url\":\"https:\/\/waterart.pt\/v2\/\",\"sameAs\":[],\"logo\":{\"@type\":\"ImageObject\",\"inLanguage\":\"pt-PT\",\"@id\":\"https:\/\/waterart.pt\/v2\/#\/schema\/logo\/image\/\",\"url\":\"https:\/\/i2.wp.com\/waterart.pt\/v2\/wp-content\/uploads\/2021\/09\/email_logo_waterart.png?fit=180%2C100&ssl=1\",\"contentUrl\":\"https:\/\/i2.wp.com\/waterart.pt\/v2\/wp-content\/uploads\/2021\/09\/email_logo_waterart.png?fit=180%2C100&ssl=1\",\"width\":180,\"height\":100,\"caption\":\"Water Art\"},\"image\":{\"@id\":\"https:\/\/waterart.pt\/v2\/#\/schema\/logo\/image\/\"}}]}<\/script>\n<!-- \/ Yoast SEO plugin. -->","yoast_head_json":{"title":"Sistema de ultra violetas - Water Art","robots":{"index":"index","follow":"follow","max-snippet":"max-snippet:-1","max-image-preview":"max-image-preview:large","max-video-preview":"max-video-preview:-1"},"canonical":"https:\/\/waterart.pt\/v2\/product\/sistema-de-ultra-violetas\/","og_locale":"pt_PT","og_type":"article","og_title":"Sistema de ultra violetas - Water Art","og_description":"Equipamento de desinfe\u00e7\u00e3o Ultravioleta com uma onda de 253,7 nan\u00f3metros, produzida por uma l\u00e2mpada especial. A radia\u00e7\u00e3o neutraliza bact\u00e9rias, v\u00edrus e outros organismos prim\u00e1rios, atuando sobre o seu ADN, atrofiando-as e evitando a sua posterior divis\u00e3o. M\u00e9todo de desinfe\u00e7\u00e3o altamente seguro e ecol\u00f3gico, com o qual se protege a piscina contra bact\u00e9rias, algas, germes patog\u00e9nicos, etc,. O UV tem um balastro eletr\u00f3nico de baixo consumo, \u00e9 estanque e protegido por fus\u00edvel. O UV foi constru\u00eddo de modo a garantir seguran\u00e7a e um baixo custo de opera\u00e7\u00e3o.","og_url":"https:\/\/waterart.pt\/v2\/product\/sistema-de-ultra-violetas\/","og_site_name":"Water Art","article_modified_time":"2021-08-04T16:25:36+00:00","og_image":[{"width":800,"height":800,"url":"https:\/\/waterart.pt\/v2\/wp-content\/uploads\/2021\/06\/Sistema-de-Ultra-Violetas-1.png","type":"image\/png"}],"twitter_card":"summary_large_image","schema":{"@context":"https:\/\/schema.org","@graph":[{"@type":"WebPage","@id":"https:\/\/waterart.pt\/v2\/product\/sistema-de-ultra-violetas\/","url":"https:\/\/waterart.pt\/v2\/product\/sistema-de-ultra-violetas\/","name":"Sistema de ultra violetas - Water Art","isPartOf":{"@id":"https:\/\/waterart.pt\/v2\/#website"},"datePublished":"2021-06-23T15:56:53+00:00","dateModified":"2021-08-04T16:25:36+00:00","breadcrumb":{"@id":"https:\/\/waterart.pt\/v2\/product\/sistema-de-ultra-violetas\/#breadcrumb"},"inLanguage":"pt-PT","potentialAction":[{"@type":"ReadAction","target":["https:\/\/waterart.pt\/v2\/product\/sistema-de-ultra-violetas\/"]}]},{"@type":"BreadcrumbList","@id":"https:\/\/waterart.pt\/v2\/product\/sistema-de-ultra-violetas\/#breadcrumb","itemListElement":[{"@type":"ListItem","position":1,"name":"Home","item":"https:\/\/waterart.pt\/v2\/"},{"@type":"ListItem","position":2,"name":"Produtos","item":"https:\/\/waterart.pt\/v2\/produtos\/"},{"@type":"ListItem","position":3,"name":"Sistema de ultra violetas"}]},{"@type":"WebSite","@id":"https:\/\/waterart.pt\/v2\/#website","url":"https:\/\/waterart.pt\/v2\/","name":"Water Art","description":"Water Solutions","publisher":{"@id":"https:\/\/waterart.pt\/v2\/#organization"},"potentialAction":[{"@type":"SearchAction","target":{"@type":"EntryPoint","urlTemplate":"https:\/\/waterart.pt\/v2\/?s={search_term_string}"},"query-input":"required name=search_term_string"}],"inLanguage":"pt-PT"},{"@type":"Organization","@id":"https:\/\/waterart.pt\/v2\/#organization","name":"Water Art","url":"https:\/\/waterart.pt\/v2\/","sameAs":[],"logo":{"@type":"ImageObject","inLanguage":"pt-PT","@id":"https:\/\/waterart.pt\/v2\/#\/schema\/logo\/image\/","url":"https:\/\/i2.wp.com\/waterart.pt\/v2\/wp-content\/uploads\/2021\/09\/email_logo_waterart.png?fit=180%2C100&ssl=1","contentUrl":"https:\/\/i2.wp.com\/waterart.pt\/v2\/wp-content\/uploads\/2021\/09\/email_logo_waterart.png?fit=180%2C100&ssl=1","width":180,"height":100,"caption":"Water Art"},"image":{"@id":"https:\/\/waterart.pt\/v2\/#\/schema\/logo\/image\/"}}]}},"_links":{"self":[{"href":"https:\/\/waterart.pt\/v2\/wp-json\/wp\/v2\/product\/943"}],"collection":[{"href":"https:\/\/waterart.pt\/v2\/wp-json\/wp\/v2\/product"}],"about":[{"href":"https:\/\/waterart.pt\/v2\/wp-json\/wp\/v2\/types\/product"}],"wp:featuredmedia":[{"embeddable":true,"href":"https:\/\/waterart.pt\/v2\/wp-json\/wp\/v2\/media\/2252"}],"wp:attachment":[{"href":"https:\/\/waterart.pt\/v2\/wp-json\/wp\/v2\/media?parent=943"}],"wp:term":[{"taxonomy":"product_cat","embeddable":true,"href":"https:\/\/waterart.pt\/v2\/wp-json\/wp\/v2\/product_cat?post=943"},{"taxonomy":"product_tag","embeddable":true,"href":"https:\/\/waterart.pt\/v2\/wp-json\/wp\/v2\/product_tag?post=943"}],"curies":[{"name":"wp","href":"https:\/\/api.w.org\/{rel}","templated":true}]}}