


















{"id":861,"date":"2021-06-23T15:49:17","date_gmt":"2021-06-23T15:49:17","guid":{"rendered":"https:\/\/waterart.pt\/v2\/?post_type=product&#038;p=861"},"modified":"2021-08-04T16:09:00","modified_gmt":"2021-08-04T16:09:00","slug":"cascata-lamina-de-agua","status":"publish","type":"product","link":"https:\/\/waterart.pt\/v2\/product\/cascata-lamina-de-agua\/","title":{"rendered":"Cascata l\u00e2mina de \u00e1gua"},"content":{"rendered":"<figure class=\"wp-block-table is-style-stripes\">\n<table>\n<thead>\n<tr>\n<th>Dados T\u00e9cnicos<\/th>\n<th class=\"has-text-align-center\" data-align=\"center\">WLC 60<\/th>\n<th class=\"has-text-align-center\" data-align=\"center\">WLC 90<\/th>\n<th class=\"has-text-align-center\" data-align=\"center\">WLC 120<\/th>\n<\/tr>\n<\/thead>\n<tbody>\n<tr>\n<td>Comprimento A (mm)<\/td>\n<td class=\"has-text-align-center\" data-align=\"center\">600<\/td>\n<td class=\"has-text-align-center\" data-align=\"center\">900<\/td>\n<td class=\"has-text-align-center\" data-align=\"center\">1200<\/td>\n<\/tr>\n<tr>\n<td>Altura B (mm)<\/td>\n<td class=\"has-text-align-center\" data-align=\"center\">115<\/td>\n<td class=\"has-text-align-center\" data-align=\"center\">115<\/td>\n<td class=\"has-text-align-center\" data-align=\"center\">115<\/td>\n<\/tr>\n<tr>\n<td>Largura C (mm)<\/td>\n<td class=\"has-text-align-center\" data-align=\"center\">180<\/td>\n<td class=\"has-text-align-center\" data-align=\"center\">180<\/td>\n<td class=\"has-text-align-center\" data-align=\"center\">180<\/td>\n<\/tr>\n<tr>\n<td>Comprimento sa\u00edda D (mm)<\/td>\n<td class=\"has-text-align-center\" data-align=\"center\">85<\/td>\n<td class=\"has-text-align-center\" data-align=\"center\">85<\/td>\n<td class=\"has-text-align-center\" data-align=\"center\">85<\/td>\n<\/tr>\n<tr>\n<td>Di\u00e2metro liga\u00e7\u00f5es (pol.)<\/td>\n<td class=\"has-text-align-center\" data-align=\"center\">1&nbsp;<em>\u00bd<\/em>\u201c<\/td>\n<td class=\"has-text-align-center\" data-align=\"center\">1&nbsp;<em>\u00bd<\/em>\u201c<\/td>\n<td class=\"has-text-align-center\" data-align=\"center\">2\u201c<\/td>\n<\/tr>\n<tr>\n<td>Caudal (m3\/h) a 1 m<\/td>\n<td class=\"has-text-align-center\" data-align=\"center\">5.5<\/td>\n<td class=\"has-text-align-center\" data-align=\"center\">8<\/td>\n<td class=\"has-text-align-center\" data-align=\"center\">11<\/td>\n<\/tr>\n<tr>\n<td>Peso (Kg)<\/td>\n<td class=\"has-text-align-center\" data-align=\"center\">5.5<\/td>\n<td class=\"has-text-align-center\" data-align=\"center\">7.5<\/td>\n<td class=\"has-text-align-center\" data-align=\"center\">10<\/td>\n<\/tr>\n<\/tbody>\n<\/table><figcaption>Tabela Comparativa<\/figcaption><\/figure>\n","protected":false},"excerpt":{"rendered":"<p>\u00c9 um equipamento desenvolvido para produzir cascatas artificiais para espa\u00e7os exteriores e interiores.<br \/>\nEsta \u00e9 uma cascata de f\u00e1cil instala\u00e7\u00e3o e reduzida manuten\u00e7\u00e3o, gra\u00e7as ao seu design, produz uma l\u00e2mina de \u00e1gua dando um toque de luxo ao espa\u00e7o a decorar ou piscina.<br \/>\nEste equipamento para produzir a cascata \u00e9 fabricado em a\u00e7o inoxid\u00e1vel, dispon\u00edvel em v\u00e1rios tamanhos que elegantemente integradas s\u00e3o ideais para dar um toque especial \u00e0 sua piscina ou jardim.<br \/>\nPodem ser fornecidos com sistemas de bombagem Watervariflow.<\/p>\n","protected":false},"featured_media":892,"template":"","meta":{"neve_meta_sidebar":"","neve_meta_container":"","neve_meta_enable_content_width":"off","neve_meta_content_width":0,"neve_meta_title_alignment":"","neve_meta_author_avatar":"","neve_post_elements_order":"","neve_meta_disable_header":"","neve_meta_disable_footer":"","neve_meta_disable_title":"","_themeisle_gutenberg_block_has_review":false,"_ti_tpc_template_sync":false,"_ti_tpc_template_id":""},"product_cat":[54],"product_tag":[89],"yoast_head":"<!-- This site is optimized with the Yoast SEO plugin v19.7.1 - https:\/\/yoast.com\/wordpress\/plugins\/seo\/ -->\n<title>Cascata l\u00e2mina de \u00e1gua - Water Art<\/title>\n<meta name=\"robots\" content=\"index, follow, max-snippet:-1, max-image-preview:large, max-video-preview:-1\" \/>\n<link rel=\"canonical\" href=\"https:\/\/waterart.pt\/v2\/product\/cascata-lamina-de-agua\/\" \/>\n<meta property=\"og:locale\" content=\"pt_PT\" \/>\n<meta property=\"og:type\" content=\"article\" \/>\n<meta property=\"og:title\" content=\"Cascata l\u00e2mina de \u00e1gua - Water Art\" \/>\n<meta property=\"og:description\" content=\"\u00c9 um equipamento desenvolvido para produzir cascatas artificiais para espa\u00e7os exteriores e interiores. Esta \u00e9 uma cascata de f\u00e1cil instala\u00e7\u00e3o e reduzida manuten\u00e7\u00e3o, gra\u00e7as ao seu design, produz uma l\u00e2mina de \u00e1gua dando um toque de luxo ao espa\u00e7o a decorar ou piscina. Este equipamento para produzir a cascata \u00e9 fabricado em a\u00e7o inoxid\u00e1vel, dispon\u00edvel em v\u00e1rios tamanhos que elegantemente integradas s\u00e3o ideais para dar um toque especial \u00e0 sua piscina ou jardim. Podem ser fornecidos com sistemas de bombagem Watervariflow.\" \/>\n<meta property=\"og:url\" content=\"https:\/\/waterart.pt\/v2\/product\/cascata-lamina-de-agua\/\" \/>\n<meta property=\"og:site_name\" content=\"Water Art\" \/>\n<meta property=\"article:modified_time\" content=\"2021-08-04T16:09:00+00:00\" \/>\n<meta property=\"og:image\" content=\"https:\/\/waterart.pt\/v2\/wp-content\/uploads\/2021\/06\/Cascata-Lamina-de-Agua.png\" \/>\n\t<meta property=\"og:image:width\" content=\"800\" \/>\n\t<meta property=\"og:image:height\" content=\"800\" \/>\n\t<meta property=\"og:image:type\" content=\"image\/png\" \/>\n<meta name=\"twitter:card\" content=\"summary_large_image\" \/>\n<script type=\"application\/ld+json\" class=\"yoast-schema-graph\">{\"@context\":\"https:\/\/schema.org\",\"@graph\":[{\"@type\":\"WebPage\",\"@id\":\"https:\/\/waterart.pt\/v2\/product\/cascata-lamina-de-agua\/\",\"url\":\"https:\/\/waterart.pt\/v2\/product\/cascata-lamina-de-agua\/\",\"name\":\"Cascata l\u00e2mina de \u00e1gua - Water Art\",\"isPartOf\":{\"@id\":\"https:\/\/waterart.pt\/v2\/#website\"},\"datePublished\":\"2021-06-23T15:49:17+00:00\",\"dateModified\":\"2021-08-04T16:09:00+00:00\",\"breadcrumb\":{\"@id\":\"https:\/\/waterart.pt\/v2\/product\/cascata-lamina-de-agua\/#breadcrumb\"},\"inLanguage\":\"pt-PT\",\"potentialAction\":[{\"@type\":\"ReadAction\",\"target\":[\"https:\/\/waterart.pt\/v2\/product\/cascata-lamina-de-agua\/\"]}]},{\"@type\":\"BreadcrumbList\",\"@id\":\"https:\/\/waterart.pt\/v2\/product\/cascata-lamina-de-agua\/#breadcrumb\",\"itemListElement\":[{\"@type\":\"ListItem\",\"position\":1,\"name\":\"Home\",\"item\":\"https:\/\/waterart.pt\/v2\/\"},{\"@type\":\"ListItem\",\"position\":2,\"name\":\"Produtos\",\"item\":\"https:\/\/waterart.pt\/v2\/produtos\/\"},{\"@type\":\"ListItem\",\"position\":3,\"name\":\"Cascata l\u00e2mina de \u00e1gua\"}]},{\"@type\":\"WebSite\",\"@id\":\"https:\/\/waterart.pt\/v2\/#website\",\"url\":\"https:\/\/waterart.pt\/v2\/\",\"name\":\"Water Art\",\"description\":\"Water Solutions\",\"publisher\":{\"@id\":\"https:\/\/waterart.pt\/v2\/#organization\"},\"potentialAction\":[{\"@type\":\"SearchAction\",\"target\":{\"@type\":\"EntryPoint\",\"urlTemplate\":\"https:\/\/waterart.pt\/v2\/?s={search_term_string}\"},\"query-input\":\"required name=search_term_string\"}],\"inLanguage\":\"pt-PT\"},{\"@type\":\"Organization\",\"@id\":\"https:\/\/waterart.pt\/v2\/#organization\",\"name\":\"Water Art\",\"url\":\"https:\/\/waterart.pt\/v2\/\",\"sameAs\":[],\"logo\":{\"@type\":\"ImageObject\",\"inLanguage\":\"pt-PT\",\"@id\":\"https:\/\/waterart.pt\/v2\/#\/schema\/logo\/image\/\",\"url\":\"https:\/\/i2.wp.com\/waterart.pt\/v2\/wp-content\/uploads\/2021\/09\/email_logo_waterart.png?fit=180%2C100&ssl=1\",\"contentUrl\":\"https:\/\/i2.wp.com\/waterart.pt\/v2\/wp-content\/uploads\/2021\/09\/email_logo_waterart.png?fit=180%2C100&ssl=1\",\"width\":180,\"height\":100,\"caption\":\"Water Art\"},\"image\":{\"@id\":\"https:\/\/waterart.pt\/v2\/#\/schema\/logo\/image\/\"}}]}<\/script>\n<!-- \/ Yoast SEO plugin. -->","yoast_head_json":{"title":"Cascata l\u00e2mina de \u00e1gua - Water Art","robots":{"index":"index","follow":"follow","max-snippet":"max-snippet:-1","max-image-preview":"max-image-preview:large","max-video-preview":"max-video-preview:-1"},"canonical":"https:\/\/waterart.pt\/v2\/product\/cascata-lamina-de-agua\/","og_locale":"pt_PT","og_type":"article","og_title":"Cascata l\u00e2mina de \u00e1gua - Water Art","og_description":"\u00c9 um equipamento desenvolvido para produzir cascatas artificiais para espa\u00e7os exteriores e interiores. Esta \u00e9 uma cascata de f\u00e1cil instala\u00e7\u00e3o e reduzida manuten\u00e7\u00e3o, gra\u00e7as ao seu design, produz uma l\u00e2mina de \u00e1gua dando um toque de luxo ao espa\u00e7o a decorar ou piscina. Este equipamento para produzir a cascata \u00e9 fabricado em a\u00e7o inoxid\u00e1vel, dispon\u00edvel em v\u00e1rios tamanhos que elegantemente integradas s\u00e3o ideais para dar um toque especial \u00e0 sua piscina ou jardim. Podem ser fornecidos com sistemas de bombagem Watervariflow.","og_url":"https:\/\/waterart.pt\/v2\/product\/cascata-lamina-de-agua\/","og_site_name":"Water Art","article_modified_time":"2021-08-04T16:09:00+00:00","og_image":[{"width":800,"height":800,"url":"https:\/\/waterart.pt\/v2\/wp-content\/uploads\/2021\/06\/Cascata-Lamina-de-Agua.png","type":"image\/png"}],"twitter_card":"summary_large_image","schema":{"@context":"https:\/\/schema.org","@graph":[{"@type":"WebPage","@id":"https:\/\/waterart.pt\/v2\/product\/cascata-lamina-de-agua\/","url":"https:\/\/waterart.pt\/v2\/product\/cascata-lamina-de-agua\/","name":"Cascata l\u00e2mina de \u00e1gua - Water Art","isPartOf":{"@id":"https:\/\/waterart.pt\/v2\/#website"},"datePublished":"2021-06-23T15:49:17+00:00","dateModified":"2021-08-04T16:09:00+00:00","breadcrumb":{"@id":"https:\/\/waterart.pt\/v2\/product\/cascata-lamina-de-agua\/#breadcrumb"},"inLanguage":"pt-PT","potentialAction":[{"@type":"ReadAction","target":["https:\/\/waterart.pt\/v2\/product\/cascata-lamina-de-agua\/"]}]},{"@type":"BreadcrumbList","@id":"https:\/\/waterart.pt\/v2\/product\/cascata-lamina-de-agua\/#breadcrumb","itemListElement":[{"@type":"ListItem","position":1,"name":"Home","item":"https:\/\/waterart.pt\/v2\/"},{"@type":"ListItem","position":2,"name":"Produtos","item":"https:\/\/waterart.pt\/v2\/produtos\/"},{"@type":"ListItem","position":3,"name":"Cascata l\u00e2mina de \u00e1gua"}]},{"@type":"WebSite","@id":"https:\/\/waterart.pt\/v2\/#website","url":"https:\/\/waterart.pt\/v2\/","name":"Water Art","description":"Water Solutions","publisher":{"@id":"https:\/\/waterart.pt\/v2\/#organization"},"potentialAction":[{"@type":"SearchAction","target":{"@type":"EntryPoint","urlTemplate":"https:\/\/waterart.pt\/v2\/?s={search_term_string}"},"query-input":"required name=search_term_string"}],"inLanguage":"pt-PT"},{"@type":"Organization","@id":"https:\/\/waterart.pt\/v2\/#organization","name":"Water Art","url":"https:\/\/waterart.pt\/v2\/","sameAs":[],"logo":{"@type":"ImageObject","inLanguage":"pt-PT","@id":"https:\/\/waterart.pt\/v2\/#\/schema\/logo\/image\/","url":"https:\/\/i2.wp.com\/waterart.pt\/v2\/wp-content\/uploads\/2021\/09\/email_logo_waterart.png?fit=180%2C100&ssl=1","contentUrl":"https:\/\/i2.wp.com\/waterart.pt\/v2\/wp-content\/uploads\/2021\/09\/email_logo_waterart.png?fit=180%2C100&ssl=1","width":180,"height":100,"caption":"Water Art"},"image":{"@id":"https:\/\/waterart.pt\/v2\/#\/schema\/logo\/image\/"}}]}},"_links":{"self":[{"href":"https:\/\/waterart.pt\/v2\/wp-json\/wp\/v2\/product\/861"}],"collection":[{"href":"https:\/\/waterart.pt\/v2\/wp-json\/wp\/v2\/product"}],"about":[{"href":"https:\/\/waterart.pt\/v2\/wp-json\/wp\/v2\/types\/product"}],"wp:featuredmedia":[{"embeddable":true,"href":"https:\/\/waterart.pt\/v2\/wp-json\/wp\/v2\/media\/892"}],"wp:attachment":[{"href":"https:\/\/waterart.pt\/v2\/wp-json\/wp\/v2\/media?parent=861"}],"wp:term":[{"taxonomy":"product_cat","embeddable":true,"href":"https:\/\/waterart.pt\/v2\/wp-json\/wp\/v2\/product_cat?post=861"},{"taxonomy":"product_tag","embeddable":true,"href":"https:\/\/waterart.pt\/v2\/wp-json\/wp\/v2\/product_tag?post=861"}],"curies":[{"name":"wp","href":"https:\/\/api.w.org\/{rel}","templated":true}]}}