


















{"id":835,"date":"2021-06-23T15:46:49","date_gmt":"2021-06-23T15:46:49","guid":{"rendered":"https:\/\/waterart.pt\/v2\/?post_type=product&#038;p=835"},"modified":"2021-08-04T15:59:46","modified_gmt":"2021-08-04T15:59:46","slug":"tanque","status":"publish","type":"product","link":"https:\/\/waterart.pt\/v2\/product\/tanque\/","title":{"rendered":"Tanque"},"content":{"rendered":"<figure class=\"wp-block-table is-style-stripes\">\n<table>\n<thead>\n<tr>\n<th>Dados T\u00e9cnicos<\/th>\n<th class=\"has-text-align-center\" data-align=\"center\">FT 033<\/th>\n<th class=\"has-text-align-center\" data-align=\"center\">FT 044<\/th>\n<th class=\"has-text-align-center\" data-align=\"center\">FT 055<\/th>\n<th class=\"has-text-align-center\" data-align=\"center\">FT 066<\/th>\n<th class=\"has-text-align-center\" data-align=\"center\">FT 113<\/th>\n<th class=\"has-text-align-center\" data-align=\"center\">FT 173<\/th>\n<th class=\"has-text-align-center\" data-align=\"center\">FT 223<\/th>\n<\/tr>\n<\/thead>\n<tbody>\n<tr>\n<td>Comprimento caixa (mm)<\/td>\n<td class=\"has-text-align-center\" data-align=\"center\">300<\/td>\n<td class=\"has-text-align-center\" data-align=\"center\">400<\/td>\n<td class=\"has-text-align-center\" data-align=\"center\">500<\/td>\n<td class=\"has-text-align-center\" data-align=\"center\">600<\/td>\n<td class=\"has-text-align-center\" data-align=\"center\">1100<\/td>\n<td class=\"has-text-align-center\" data-align=\"center\">1700<\/td>\n<td class=\"has-text-align-center\" data-align=\"center\">2200<\/td>\n<\/tr>\n<tr>\n<td>Largura caixa (pol.)<\/td>\n<td class=\"has-text-align-center\" data-align=\"center\">300<\/td>\n<td class=\"has-text-align-center\" data-align=\"center\">400<\/td>\n<td class=\"has-text-align-center\" data-align=\"center\">500<\/td>\n<td class=\"has-text-align-center\" data-align=\"center\">600<\/td>\n<td class=\"has-text-align-center\" data-align=\"center\">300<\/td>\n<td class=\"has-text-align-center\" data-align=\"center\">300<\/td>\n<td class=\"has-text-align-center\" data-align=\"center\">300<\/td>\n<\/tr>\n<tr>\n<td>Altura caixa (mm)<\/td>\n<td class=\"has-text-align-center\" data-align=\"center\">300<\/td>\n<td class=\"has-text-align-center\" data-align=\"center\">300<\/td>\n<td class=\"has-text-align-center\" data-align=\"center\">500<\/td>\n<td class=\"has-text-align-center\" data-align=\"center\">600<\/td>\n<td class=\"has-text-align-center\" data-align=\"center\">300<\/td>\n<td class=\"has-text-align-center\" data-align=\"center\">300<\/td>\n<td class=\"has-text-align-center\" data-align=\"center\">300<\/td>\n<\/tr>\n<tr>\n<td>\u00d8 Tubagem interliga\u00e7\u00e3o (mm)<\/td>\n<td class=\"has-text-align-center\" data-align=\"center\">90<\/td>\n<td class=\"has-text-align-center\" data-align=\"center\">90<\/td>\n<td class=\"has-text-align-center\" data-align=\"center\">90<\/td>\n<td class=\"has-text-align-center\" data-align=\"center\">110<\/td>\n<td class=\"has-text-align-center\" data-align=\"center\">90<\/td>\n<td class=\"has-text-align-center\" data-align=\"center\">90<\/td>\n<td class=\"has-text-align-center\" data-align=\"center\">90<\/td>\n<\/tr>\n<tr>\n<td>N\u00famero liga\u00e7\u00e3o<\/td>\n<td class=\"has-text-align-center\" data-align=\"center\">1 a 4<\/td>\n<td class=\"has-text-align-center\" data-align=\"center\">1 a 4<\/td>\n<td class=\"has-text-align-center\" data-align=\"center\">1 a 4<\/td>\n<td class=\"has-text-align-center\" data-align=\"center\">1 a 4<\/td>\n<td class=\"has-text-align-center\" data-align=\"center\">1 a 4<\/td>\n<td class=\"has-text-align-center\" data-align=\"center\">1 a 4<\/td>\n<td class=\"has-text-align-center\" data-align=\"center\">1 a 4<\/td>\n<\/tr>\n<tr>\n<td>\u00d8 Entrada para jato (mm)<\/td>\n<td class=\"has-text-align-center\" data-align=\"center\">32 a 63<\/td>\n<td class=\"has-text-align-center\" data-align=\"center\">32 a 63<\/td>\n<td class=\"has-text-align-center\" data-align=\"center\">32 a 63<\/td>\n<td class=\"has-text-align-center\" data-align=\"center\">32 a 63<\/td>\n<td class=\"has-text-align-center\" data-align=\"center\">32 a 63<\/td>\n<td class=\"has-text-align-center\" data-align=\"center\">32 a 63<\/td>\n<td class=\"has-text-align-center\" data-align=\"center\">32 a 63<\/td>\n<\/tr>\n<tr>\n<td>Entradas para cabos<\/td>\n<td class=\"has-text-align-center\" data-align=\"center\">0 a 2<\/td>\n<td class=\"has-text-align-center\" data-align=\"center\">0 a 2<\/td>\n<td class=\"has-text-align-center\" data-align=\"center\">0 a 2<\/td>\n<td class=\"has-text-align-center\" data-align=\"center\">0 a 2<\/td>\n<td class=\"has-text-align-center\" data-align=\"center\">0 a 2<\/td>\n<td class=\"has-text-align-center\" data-align=\"center\">0 a 2<\/td>\n<td class=\"has-text-align-center\" data-align=\"center\">0 a 2<\/td>\n<\/tr>\n<tr>\n<td>\u00d8 Entrada para cabos<\/td>\n<td class=\"has-text-align-center\" data-align=\"center\">22 ou 50 <\/td>\n<td class=\"has-text-align-center\" data-align=\"center\">22 ou 50<\/td>\n<td class=\"has-text-align-center\" data-align=\"center\">22 ou 50<\/td>\n<td class=\"has-text-align-center\" data-align=\"center\">22 ou 50<\/td>\n<td class=\"has-text-align-center\" data-align=\"center\">22 ou 50<\/td>\n<td class=\"has-text-align-center\" data-align=\"center\">22 ou 50<\/td>\n<td class=\"has-text-align-center\" data-align=\"center\">22 ou 50<\/td>\n<\/tr>\n<tr>\n<td>Entrada \u00e1gua nova<\/td>\n<td class=\"has-text-align-center\" data-align=\"center\">por pedido<\/td>\n<td class=\"has-text-align-center\" data-align=\"center\">por pedido<\/td>\n<td class=\"has-text-align-center\" data-align=\"center\">por pedido<\/td>\n<td class=\"has-text-align-center\" data-align=\"center\">por pedido<\/td>\n<td class=\"has-text-align-center\" data-align=\"center\">por pedido<\/td>\n<td class=\"has-text-align-center\" data-align=\"center\">por pedido<\/td>\n<td class=\"has-text-align-center\" data-align=\"center\">por pedido<\/td>\n<\/tr>\n<tr>\n<td>\u00d8 Dreno superf\u00edcie (mm)<\/td>\n<td class=\"has-text-align-center\" data-align=\"center\">por pedido<\/td>\n<td class=\"has-text-align-center\" data-align=\"center\">por pedido<\/td>\n<td class=\"has-text-align-center\" data-align=\"center\">por pedido<\/td>\n<td class=\"has-text-align-center\" data-align=\"center\">por pedido<\/td>\n<td class=\"has-text-align-center\" data-align=\"center\">por pedido<\/td>\n<td class=\"has-text-align-center\" data-align=\"center\">por pedido<\/td>\n<td class=\"has-text-align-center\" data-align=\"center\">por pedido<\/td>\n<\/tr>\n<\/tbody>\n<\/table><figcaption>Tabela Comparativa<\/figcaption><\/figure>\n","protected":false},"excerpt":{"rendered":"<p>Tanque fabricado em fibra de vidro refor\u00e7ada, desenvolvidas para servirem de reservat\u00f3rio para o sistema das fontes secas e jogos de \u00e1gua.<br \/>\nNas caixas, s\u00e3o soldadas uni\u00f5es de PVC para a interliga\u00e7\u00e3o dos tanques.<\/p>\n<p>Os passa muros para liga\u00e7\u00e3o do jato, entrada de \u00e1gua, dreno de superf\u00edcie e para passagem de cabos ou sistema de nevoeiro s\u00e3o fornecidos, para serem colocados pelo cliente.<\/p>\n<p>No caso dos jogos de \u00e1gua e solu\u00e7\u00f5es integradas os passa muros s\u00e3o montados em f\u00e1brica.<\/p>\n","protected":false},"featured_media":869,"template":"","meta":{"neve_meta_sidebar":"","neve_meta_container":"","neve_meta_enable_content_width":"off","neve_meta_content_width":0,"neve_meta_title_alignment":"","neve_meta_author_avatar":"","neve_post_elements_order":"","neve_meta_disable_header":"","neve_meta_disable_footer":"","neve_meta_disable_title":"","_themeisle_gutenberg_block_has_review":false,"_ti_tpc_template_sync":false,"_ti_tpc_template_id":""},"product_cat":[80],"product_tag":[81,85],"yoast_head":"<!-- This site is optimized with the Yoast SEO plugin v19.7.1 - https:\/\/yoast.com\/wordpress\/plugins\/seo\/ -->\n<title>Tanque - Water Art<\/title>\n<meta name=\"robots\" content=\"index, follow, max-snippet:-1, max-image-preview:large, max-video-preview:-1\" \/>\n<link rel=\"canonical\" href=\"https:\/\/waterart.pt\/v2\/product\/tanque\/\" \/>\n<meta property=\"og:locale\" content=\"pt_PT\" \/>\n<meta property=\"og:type\" content=\"article\" \/>\n<meta property=\"og:title\" content=\"Tanque - Water Art\" \/>\n<meta property=\"og:description\" content=\"Tanque fabricado em fibra de vidro refor\u00e7ada, desenvolvidas para servirem de reservat\u00f3rio para o sistema das fontes secas e jogos de \u00e1gua. Nas caixas, s\u00e3o soldadas uni\u00f5es de PVC para a interliga\u00e7\u00e3o dos tanques.  Os passa muros para liga\u00e7\u00e3o do jato, entrada de \u00e1gua, dreno de superf\u00edcie e para passagem de cabos ou sistema de nevoeiro s\u00e3o fornecidos, para serem colocados pelo cliente.  No caso dos jogos de \u00e1gua e solu\u00e7\u00f5es integradas os passa muros s\u00e3o montados em f\u00e1brica.\" \/>\n<meta property=\"og:url\" content=\"https:\/\/waterart.pt\/v2\/product\/tanque\/\" \/>\n<meta property=\"og:site_name\" content=\"Water Art\" \/>\n<meta property=\"article:modified_time\" content=\"2021-08-04T15:59:46+00:00\" \/>\n<meta property=\"og:image\" content=\"https:\/\/waterart.pt\/v2\/wp-content\/uploads\/2021\/06\/Tanque.png\" \/>\n\t<meta property=\"og:image:width\" content=\"800\" \/>\n\t<meta property=\"og:image:height\" content=\"800\" \/>\n\t<meta property=\"og:image:type\" content=\"image\/png\" \/>\n<meta name=\"twitter:card\" content=\"summary_large_image\" \/>\n<script type=\"application\/ld+json\" class=\"yoast-schema-graph\">{\"@context\":\"https:\/\/schema.org\",\"@graph\":[{\"@type\":\"WebPage\",\"@id\":\"https:\/\/waterart.pt\/v2\/product\/tanque\/\",\"url\":\"https:\/\/waterart.pt\/v2\/product\/tanque\/\",\"name\":\"Tanque - Water Art\",\"isPartOf\":{\"@id\":\"https:\/\/waterart.pt\/v2\/#website\"},\"datePublished\":\"2021-06-23T15:46:49+00:00\",\"dateModified\":\"2021-08-04T15:59:46+00:00\",\"breadcrumb\":{\"@id\":\"https:\/\/waterart.pt\/v2\/product\/tanque\/#breadcrumb\"},\"inLanguage\":\"pt-PT\",\"potentialAction\":[{\"@type\":\"ReadAction\",\"target\":[\"https:\/\/waterart.pt\/v2\/product\/tanque\/\"]}]},{\"@type\":\"BreadcrumbList\",\"@id\":\"https:\/\/waterart.pt\/v2\/product\/tanque\/#breadcrumb\",\"itemListElement\":[{\"@type\":\"ListItem\",\"position\":1,\"name\":\"Home\",\"item\":\"https:\/\/waterart.pt\/v2\/\"},{\"@type\":\"ListItem\",\"position\":2,\"name\":\"Produtos\",\"item\":\"https:\/\/waterart.pt\/v2\/produtos\/\"},{\"@type\":\"ListItem\",\"position\":3,\"name\":\"Tanque\"}]},{\"@type\":\"WebSite\",\"@id\":\"https:\/\/waterart.pt\/v2\/#website\",\"url\":\"https:\/\/waterart.pt\/v2\/\",\"name\":\"Water Art\",\"description\":\"Water Solutions\",\"publisher\":{\"@id\":\"https:\/\/waterart.pt\/v2\/#organization\"},\"potentialAction\":[{\"@type\":\"SearchAction\",\"target\":{\"@type\":\"EntryPoint\",\"urlTemplate\":\"https:\/\/waterart.pt\/v2\/?s={search_term_string}\"},\"query-input\":\"required name=search_term_string\"}],\"inLanguage\":\"pt-PT\"},{\"@type\":\"Organization\",\"@id\":\"https:\/\/waterart.pt\/v2\/#organization\",\"name\":\"Water Art\",\"url\":\"https:\/\/waterart.pt\/v2\/\",\"sameAs\":[],\"logo\":{\"@type\":\"ImageObject\",\"inLanguage\":\"pt-PT\",\"@id\":\"https:\/\/waterart.pt\/v2\/#\/schema\/logo\/image\/\",\"url\":\"https:\/\/i2.wp.com\/waterart.pt\/v2\/wp-content\/uploads\/2021\/09\/email_logo_waterart.png?fit=180%2C100&ssl=1\",\"contentUrl\":\"https:\/\/i2.wp.com\/waterart.pt\/v2\/wp-content\/uploads\/2021\/09\/email_logo_waterart.png?fit=180%2C100&ssl=1\",\"width\":180,\"height\":100,\"caption\":\"Water Art\"},\"image\":{\"@id\":\"https:\/\/waterart.pt\/v2\/#\/schema\/logo\/image\/\"}}]}<\/script>\n<!-- \/ Yoast SEO plugin. -->","yoast_head_json":{"title":"Tanque - Water Art","robots":{"index":"index","follow":"follow","max-snippet":"max-snippet:-1","max-image-preview":"max-image-preview:large","max-video-preview":"max-video-preview:-1"},"canonical":"https:\/\/waterart.pt\/v2\/product\/tanque\/","og_locale":"pt_PT","og_type":"article","og_title":"Tanque - Water Art","og_description":"Tanque fabricado em fibra de vidro refor\u00e7ada, desenvolvidas para servirem de reservat\u00f3rio para o sistema das fontes secas e jogos de \u00e1gua. Nas caixas, s\u00e3o soldadas uni\u00f5es de PVC para a interliga\u00e7\u00e3o dos tanques.  Os passa muros para liga\u00e7\u00e3o do jato, entrada de \u00e1gua, dreno de superf\u00edcie e para passagem de cabos ou sistema de nevoeiro s\u00e3o fornecidos, para serem colocados pelo cliente.  No caso dos jogos de \u00e1gua e solu\u00e7\u00f5es integradas os passa muros s\u00e3o montados em f\u00e1brica.","og_url":"https:\/\/waterart.pt\/v2\/product\/tanque\/","og_site_name":"Water Art","article_modified_time":"2021-08-04T15:59:46+00:00","og_image":[{"width":800,"height":800,"url":"https:\/\/waterart.pt\/v2\/wp-content\/uploads\/2021\/06\/Tanque.png","type":"image\/png"}],"twitter_card":"summary_large_image","schema":{"@context":"https:\/\/schema.org","@graph":[{"@type":"WebPage","@id":"https:\/\/waterart.pt\/v2\/product\/tanque\/","url":"https:\/\/waterart.pt\/v2\/product\/tanque\/","name":"Tanque - Water Art","isPartOf":{"@id":"https:\/\/waterart.pt\/v2\/#website"},"datePublished":"2021-06-23T15:46:49+00:00","dateModified":"2021-08-04T15:59:46+00:00","breadcrumb":{"@id":"https:\/\/waterart.pt\/v2\/product\/tanque\/#breadcrumb"},"inLanguage":"pt-PT","potentialAction":[{"@type":"ReadAction","target":["https:\/\/waterart.pt\/v2\/product\/tanque\/"]}]},{"@type":"BreadcrumbList","@id":"https:\/\/waterart.pt\/v2\/product\/tanque\/#breadcrumb","itemListElement":[{"@type":"ListItem","position":1,"name":"Home","item":"https:\/\/waterart.pt\/v2\/"},{"@type":"ListItem","position":2,"name":"Produtos","item":"https:\/\/waterart.pt\/v2\/produtos\/"},{"@type":"ListItem","position":3,"name":"Tanque"}]},{"@type":"WebSite","@id":"https:\/\/waterart.pt\/v2\/#website","url":"https:\/\/waterart.pt\/v2\/","name":"Water Art","description":"Water Solutions","publisher":{"@id":"https:\/\/waterart.pt\/v2\/#organization"},"potentialAction":[{"@type":"SearchAction","target":{"@type":"EntryPoint","urlTemplate":"https:\/\/waterart.pt\/v2\/?s={search_term_string}"},"query-input":"required name=search_term_string"}],"inLanguage":"pt-PT"},{"@type":"Organization","@id":"https:\/\/waterart.pt\/v2\/#organization","name":"Water Art","url":"https:\/\/waterart.pt\/v2\/","sameAs":[],"logo":{"@type":"ImageObject","inLanguage":"pt-PT","@id":"https:\/\/waterart.pt\/v2\/#\/schema\/logo\/image\/","url":"https:\/\/i2.wp.com\/waterart.pt\/v2\/wp-content\/uploads\/2021\/09\/email_logo_waterart.png?fit=180%2C100&ssl=1","contentUrl":"https:\/\/i2.wp.com\/waterart.pt\/v2\/wp-content\/uploads\/2021\/09\/email_logo_waterart.png?fit=180%2C100&ssl=1","width":180,"height":100,"caption":"Water Art"},"image":{"@id":"https:\/\/waterart.pt\/v2\/#\/schema\/logo\/image\/"}}]}},"_links":{"self":[{"href":"https:\/\/waterart.pt\/v2\/wp-json\/wp\/v2\/product\/835"}],"collection":[{"href":"https:\/\/waterart.pt\/v2\/wp-json\/wp\/v2\/product"}],"about":[{"href":"https:\/\/waterart.pt\/v2\/wp-json\/wp\/v2\/types\/product"}],"wp:featuredmedia":[{"embeddable":true,"href":"https:\/\/waterart.pt\/v2\/wp-json\/wp\/v2\/media\/869"}],"wp:attachment":[{"href":"https:\/\/waterart.pt\/v2\/wp-json\/wp\/v2\/media?parent=835"}],"wp:term":[{"taxonomy":"product_cat","embeddable":true,"href":"https:\/\/waterart.pt\/v2\/wp-json\/wp\/v2\/product_cat?post=835"},{"taxonomy":"product_tag","embeddable":true,"href":"https:\/\/waterart.pt\/v2\/wp-json\/wp\/v2\/product_tag?post=835"}],"curies":[{"name":"wp","href":"https:\/\/api.w.org\/{rel}","templated":true}]}}