


















{"id":797,"date":"2021-06-23T15:43:16","date_gmt":"2021-06-23T15:43:16","guid":{"rendered":"https:\/\/waterart.pt\/v2\/?post_type=product&#038;p=797"},"modified":"2021-08-04T15:54:39","modified_gmt":"2021-08-04T15:54:39","slug":"modulo-spm","status":"publish","type":"product","link":"https:\/\/waterart.pt\/v2\/product\/modulo-spm\/","title":{"rendered":"M\u00f3dulo SPM"},"content":{"rendered":"<figure class=\"wp-block-table is-style-stripes\">\n<table>\n<thead>\n<tr>\n<th>Dados T\u00e9cnicos<\/th>\n<th class=\"has-text-align-center\" data-align=\"center\">SPM BASE<\/th>\n<th class=\"has-text-align-center\" data-align=\"center\">SPM GOLD<\/th>\n<th class=\"has-text-align-center\" data-align=\"center\">SPM PRO<\/th>\n<\/tr>\n<\/thead>\n<tbody>\n<tr>\n<td>Live Channels<\/td>\n<td class=\"has-text-align-center\" data-align=\"center\">128<\/td>\n<td class=\"has-text-align-center\" data-align=\"center\">1024<\/td>\n<td class=\"has-text-align-center\" data-align=\"center\">3072<\/td>\n<\/tr>\n<tr>\n<td>Stand alone channels<\/td>\n<td class=\"has-text-align-center\" data-align=\"center\">128<\/td>\n<td class=\"has-text-align-center\" data-align=\"center\">512<\/td>\n<td class=\"has-text-align-center\" data-align=\"center\">1024<\/td>\n<\/tr>\n<tr>\n<td>Mode<\/td>\n<td class=\"has-text-align-center\" data-align=\"center\">express (32 steps<br \/>\nper scene, 4 scenes)<\/td>\n<td class=\"has-text-align-center\" data-align=\"center\">ilimitado<\/td>\n<td class=\"has-text-align-center\" data-align=\"center\">ilimitado<\/td>\n<\/tr>\n<tr>\n<td>Conector<\/td>\n<td class=\"has-text-align-center\" data-align=\"center\">mini USB<\/td>\n<td class=\"has-text-align-center\" data-align=\"center\">mini USB<\/td>\n<td class=\"has-text-align-center\" data-align=\"center\">mini USB \/ RJ45<\/td>\n<\/tr>\n<tr>\n<td>Memory<\/td>\n<td class=\"has-text-align-center\" data-align=\"center\">155<\/td>\n<td class=\"has-text-align-center\" data-align=\"center\">167<\/td>\n<td class=\"has-text-align-center\" data-align=\"center\">177<\/td>\n<\/tr>\n<tr>\n<td>Clock \/ Calendar<\/td>\n<td class=\"has-text-align-center\" data-align=\"center\">x<\/td>\n<td class=\"has-text-align-center\" data-align=\"center\">\u2713<\/td>\n<td class=\"has-text-align-center\" data-align=\"center\">\u2713<\/td>\n<\/tr>\n<\/tbody>\n<\/table><figcaption>Tabela Comparativa<\/figcaption><\/figure>\n","protected":false},"excerpt":{"rendered":"<p>Para operar as fontes com sistema DMX, temos um dispositivo com o qual podemos programar as fontes atrav\u00e9s de uma conex\u00e3o a um computador com um software DMX compat\u00edvel.<br \/>\nO programa \u00e9 gratuito e de f\u00e1cil utiliza\u00e7\u00e3o.<br \/>\nDurante a programa\u00e7\u00e3o, as sequ\u00eancias podem ser visualizadas no software ou nos equipamentos, se estiverem ligados (jatos program\u00e1veis ou luzes) podem ser executadas em tempo real, para verificar e produzir os cen\u00e1rios desejados.<br \/>\nOs m\u00f3dulos aut\u00f3nomos de programa\u00e7\u00e3o, al\u00e9m de conversores do software no protocolo DMX 512 dos nossos equipamentos, incluem mem\u00f3ria interna que permite que o programa fique guardado e seja reproduzido em ciclo.<\/p>\n","protected":false},"featured_media":818,"template":"","meta":{"neve_meta_sidebar":"","neve_meta_container":"","neve_meta_enable_content_width":"off","neve_meta_content_width":0,"neve_meta_title_alignment":"","neve_meta_author_avatar":"","neve_post_elements_order":"","neve_meta_disable_header":"","neve_meta_disable_footer":"","neve_meta_disable_title":"","_themeisle_gutenberg_block_has_review":false,"_ti_tpc_template_sync":false,"_ti_tpc_template_id":""},"product_cat":[62],"product_tag":[78],"yoast_head":"<!-- This site is optimized with the Yoast SEO plugin v19.7.1 - https:\/\/yoast.com\/wordpress\/plugins\/seo\/ -->\n<title>M\u00f3dulo SPM - Water Art<\/title>\n<meta name=\"robots\" content=\"index, follow, max-snippet:-1, max-image-preview:large, max-video-preview:-1\" \/>\n<link rel=\"canonical\" href=\"https:\/\/waterart.pt\/v2\/product\/modulo-spm\/\" \/>\n<meta property=\"og:locale\" content=\"pt_PT\" \/>\n<meta property=\"og:type\" content=\"article\" \/>\n<meta property=\"og:title\" content=\"M\u00f3dulo SPM - Water Art\" \/>\n<meta property=\"og:description\" content=\"Para operar as fontes com sistema DMX, temos um dispositivo com o qual podemos programar as fontes atrav\u00e9s de uma conex\u00e3o a um computador com um software DMX compat\u00edvel. O programa \u00e9 gratuito e de f\u00e1cil utiliza\u00e7\u00e3o. Durante a programa\u00e7\u00e3o, as sequ\u00eancias podem ser visualizadas no software ou nos equipamentos, se estiverem ligados (jatos program\u00e1veis ou luzes) podem ser executadas em tempo real, para verificar e produzir os cen\u00e1rios desejados. Os m\u00f3dulos aut\u00f3nomos de programa\u00e7\u00e3o, al\u00e9m de conversores do software no protocolo DMX 512 dos nossos equipamentos, incluem mem\u00f3ria interna que permite que o programa fique guardado e seja reproduzido em ciclo.\" \/>\n<meta property=\"og:url\" content=\"https:\/\/waterart.pt\/v2\/product\/modulo-spm\/\" \/>\n<meta property=\"og:site_name\" content=\"Water Art\" \/>\n<meta property=\"article:modified_time\" content=\"2021-08-04T15:54:39+00:00\" \/>\n<meta property=\"og:image\" content=\"https:\/\/waterart.pt\/v2\/wp-content\/uploads\/2021\/06\/Conversor-DMX.png\" \/>\n\t<meta property=\"og:image:width\" content=\"800\" \/>\n\t<meta property=\"og:image:height\" content=\"800\" \/>\n\t<meta property=\"og:image:type\" content=\"image\/png\" \/>\n<meta name=\"twitter:card\" content=\"summary_large_image\" \/>\n<script type=\"application\/ld+json\" class=\"yoast-schema-graph\">{\"@context\":\"https:\/\/schema.org\",\"@graph\":[{\"@type\":\"WebPage\",\"@id\":\"https:\/\/waterart.pt\/v2\/product\/modulo-spm\/\",\"url\":\"https:\/\/waterart.pt\/v2\/product\/modulo-spm\/\",\"name\":\"M\u00f3dulo SPM - Water Art\",\"isPartOf\":{\"@id\":\"https:\/\/waterart.pt\/v2\/#website\"},\"datePublished\":\"2021-06-23T15:43:16+00:00\",\"dateModified\":\"2021-08-04T15:54:39+00:00\",\"breadcrumb\":{\"@id\":\"https:\/\/waterart.pt\/v2\/product\/modulo-spm\/#breadcrumb\"},\"inLanguage\":\"pt-PT\",\"potentialAction\":[{\"@type\":\"ReadAction\",\"target\":[\"https:\/\/waterart.pt\/v2\/product\/modulo-spm\/\"]}]},{\"@type\":\"BreadcrumbList\",\"@id\":\"https:\/\/waterart.pt\/v2\/product\/modulo-spm\/#breadcrumb\",\"itemListElement\":[{\"@type\":\"ListItem\",\"position\":1,\"name\":\"Home\",\"item\":\"https:\/\/waterart.pt\/v2\/\"},{\"@type\":\"ListItem\",\"position\":2,\"name\":\"Produtos\",\"item\":\"https:\/\/waterart.pt\/v2\/produtos\/\"},{\"@type\":\"ListItem\",\"position\":3,\"name\":\"M\u00f3dulo SPM\"}]},{\"@type\":\"WebSite\",\"@id\":\"https:\/\/waterart.pt\/v2\/#website\",\"url\":\"https:\/\/waterart.pt\/v2\/\",\"name\":\"Water Art\",\"description\":\"Water Solutions\",\"publisher\":{\"@id\":\"https:\/\/waterart.pt\/v2\/#organization\"},\"potentialAction\":[{\"@type\":\"SearchAction\",\"target\":{\"@type\":\"EntryPoint\",\"urlTemplate\":\"https:\/\/waterart.pt\/v2\/?s={search_term_string}\"},\"query-input\":\"required name=search_term_string\"}],\"inLanguage\":\"pt-PT\"},{\"@type\":\"Organization\",\"@id\":\"https:\/\/waterart.pt\/v2\/#organization\",\"name\":\"Water Art\",\"url\":\"https:\/\/waterart.pt\/v2\/\",\"sameAs\":[],\"logo\":{\"@type\":\"ImageObject\",\"inLanguage\":\"pt-PT\",\"@id\":\"https:\/\/waterart.pt\/v2\/#\/schema\/logo\/image\/\",\"url\":\"https:\/\/i2.wp.com\/waterart.pt\/v2\/wp-content\/uploads\/2021\/09\/email_logo_waterart.png?fit=180%2C100&ssl=1\",\"contentUrl\":\"https:\/\/i2.wp.com\/waterart.pt\/v2\/wp-content\/uploads\/2021\/09\/email_logo_waterart.png?fit=180%2C100&ssl=1\",\"width\":180,\"height\":100,\"caption\":\"Water Art\"},\"image\":{\"@id\":\"https:\/\/waterart.pt\/v2\/#\/schema\/logo\/image\/\"}}]}<\/script>\n<!-- \/ Yoast SEO plugin. -->","yoast_head_json":{"title":"M\u00f3dulo SPM - Water Art","robots":{"index":"index","follow":"follow","max-snippet":"max-snippet:-1","max-image-preview":"max-image-preview:large","max-video-preview":"max-video-preview:-1"},"canonical":"https:\/\/waterart.pt\/v2\/product\/modulo-spm\/","og_locale":"pt_PT","og_type":"article","og_title":"M\u00f3dulo SPM - Water Art","og_description":"Para operar as fontes com sistema DMX, temos um dispositivo com o qual podemos programar as fontes atrav\u00e9s de uma conex\u00e3o a um computador com um software DMX compat\u00edvel. O programa \u00e9 gratuito e de f\u00e1cil utiliza\u00e7\u00e3o. Durante a programa\u00e7\u00e3o, as sequ\u00eancias podem ser visualizadas no software ou nos equipamentos, se estiverem ligados (jatos program\u00e1veis ou luzes) podem ser executadas em tempo real, para verificar e produzir os cen\u00e1rios desejados. Os m\u00f3dulos aut\u00f3nomos de programa\u00e7\u00e3o, al\u00e9m de conversores do software no protocolo DMX 512 dos nossos equipamentos, incluem mem\u00f3ria interna que permite que o programa fique guardado e seja reproduzido em ciclo.","og_url":"https:\/\/waterart.pt\/v2\/product\/modulo-spm\/","og_site_name":"Water Art","article_modified_time":"2021-08-04T15:54:39+00:00","og_image":[{"width":800,"height":800,"url":"https:\/\/waterart.pt\/v2\/wp-content\/uploads\/2021\/06\/Conversor-DMX.png","type":"image\/png"}],"twitter_card":"summary_large_image","schema":{"@context":"https:\/\/schema.org","@graph":[{"@type":"WebPage","@id":"https:\/\/waterart.pt\/v2\/product\/modulo-spm\/","url":"https:\/\/waterart.pt\/v2\/product\/modulo-spm\/","name":"M\u00f3dulo SPM - Water Art","isPartOf":{"@id":"https:\/\/waterart.pt\/v2\/#website"},"datePublished":"2021-06-23T15:43:16+00:00","dateModified":"2021-08-04T15:54:39+00:00","breadcrumb":{"@id":"https:\/\/waterart.pt\/v2\/product\/modulo-spm\/#breadcrumb"},"inLanguage":"pt-PT","potentialAction":[{"@type":"ReadAction","target":["https:\/\/waterart.pt\/v2\/product\/modulo-spm\/"]}]},{"@type":"BreadcrumbList","@id":"https:\/\/waterart.pt\/v2\/product\/modulo-spm\/#breadcrumb","itemListElement":[{"@type":"ListItem","position":1,"name":"Home","item":"https:\/\/waterart.pt\/v2\/"},{"@type":"ListItem","position":2,"name":"Produtos","item":"https:\/\/waterart.pt\/v2\/produtos\/"},{"@type":"ListItem","position":3,"name":"M\u00f3dulo SPM"}]},{"@type":"WebSite","@id":"https:\/\/waterart.pt\/v2\/#website","url":"https:\/\/waterart.pt\/v2\/","name":"Water Art","description":"Water Solutions","publisher":{"@id":"https:\/\/waterart.pt\/v2\/#organization"},"potentialAction":[{"@type":"SearchAction","target":{"@type":"EntryPoint","urlTemplate":"https:\/\/waterart.pt\/v2\/?s={search_term_string}"},"query-input":"required name=search_term_string"}],"inLanguage":"pt-PT"},{"@type":"Organization","@id":"https:\/\/waterart.pt\/v2\/#organization","name":"Water Art","url":"https:\/\/waterart.pt\/v2\/","sameAs":[],"logo":{"@type":"ImageObject","inLanguage":"pt-PT","@id":"https:\/\/waterart.pt\/v2\/#\/schema\/logo\/image\/","url":"https:\/\/i2.wp.com\/waterart.pt\/v2\/wp-content\/uploads\/2021\/09\/email_logo_waterart.png?fit=180%2C100&ssl=1","contentUrl":"https:\/\/i2.wp.com\/waterart.pt\/v2\/wp-content\/uploads\/2021\/09\/email_logo_waterart.png?fit=180%2C100&ssl=1","width":180,"height":100,"caption":"Water Art"},"image":{"@id":"https:\/\/waterart.pt\/v2\/#\/schema\/logo\/image\/"}}]}},"_links":{"self":[{"href":"https:\/\/waterart.pt\/v2\/wp-json\/wp\/v2\/product\/797"}],"collection":[{"href":"https:\/\/waterart.pt\/v2\/wp-json\/wp\/v2\/product"}],"about":[{"href":"https:\/\/waterart.pt\/v2\/wp-json\/wp\/v2\/types\/product"}],"wp:featuredmedia":[{"embeddable":true,"href":"https:\/\/waterart.pt\/v2\/wp-json\/wp\/v2\/media\/818"}],"wp:attachment":[{"href":"https:\/\/waterart.pt\/v2\/wp-json\/wp\/v2\/media?parent=797"}],"wp:term":[{"taxonomy":"product_cat","embeddable":true,"href":"https:\/\/waterart.pt\/v2\/wp-json\/wp\/v2\/product_cat?post=797"},{"taxonomy":"product_tag","embeddable":true,"href":"https:\/\/waterart.pt\/v2\/wp-json\/wp\/v2\/product_tag?post=797"}],"curies":[{"name":"wp","href":"https:\/\/api.w.org\/{rel}","templated":true}]}}